{"id":138,"date":"2018-12-14T15:01:45","date_gmt":"2018-12-14T14:01:45","guid":{"rendered":"https:\/\/www.dureuil-janthial.fr\/?page_id=138"},"modified":"2022-04-06T16:00:39","modified_gmt":"2022-04-06T14:00:39","slug":"mentions-legales","status":"publish","type":"page","link":"https:\/\/www.dureuil-janthial.fr\/en\/mentions-legales\/","title":{"rendered":"Legacy"},"content":{"rendered":"<div class=\"wpb-content-wrapper\"><div class=\"vc_row wpb_row vc_row-fluid\"><div class=\"wpb_column vc_column_container vc_col-sm-12\"><div class=\"vc_column-inner\"><div class=\"wpb_wrapper\">\n\t<div class=\"wpb_text_column wpb_content_element\" >\n\t\t<div class=\"wpb_wrapper\">\n\t\t\t<p class=\"p1\">The owner and publisher of this website is the Dureuil-Janthial estate having its registered office at 10 rue de la Buisserolle, 71150 Rully.<br \/>\nSuch. +33 3 85 87 26 32<\/p>\n<p class=\"p1\"><strong>Director of publication: Vincent Dureuil<\/strong><\/p>\n<p class=\"p1\">The texts, illustrations and photographic works presented on this site are protected by the Intellectual Property Code and international conventions on literary and artistic property, and may not be used, reproduced, represented, adapted or copied, in whole or in part, in any form, by any existing or future process, in any place whatsoever, without our consent.<\/p>\n<p class=\"p1\">\u00a0In the event of a dispute, the court of Chalon-sur-Sa\u00f4ne would be competent.<\/p>\n<p class=\"p1\"><b><br \/>\n<\/b><strong>Web hosting<\/strong><b><br \/>\n<\/b>OVH<br \/>\n<a href=\"http:\/\/www.ovh.com\">www.ovh.com<\/a><\/p>\n<p class=\"p1\"><strong>Website design<\/strong><br \/>\nmade in mouse\u00ae<br \/>\n<a href=\"http:\/\/www.madeinmouse.com\">www.madeinmouse.com<\/a><\/p>\n<p>Photo credit<br \/>\nAntoine Brun Hairion<\/p>\n\n\t\t<\/div>\n\t<\/div>\n<\/div><\/div><\/div><\/div>\n<\/div>"},"excerpt":{"rendered":"Le propri\u00e9taire et \u00e9diteur de ce site internet est le domaine Dureuil-Janthial ayant son si\u00e8ge social 10 rue de la Buisserolle, 71150 Rully. T\u00e9l. +33 3 85 87 26 32 Directeur de la publication\u00a0: Vincent Dureuil Les textes, les illustrations, les \u0153uvres photographiques, pr\u00e9sent\u00e9s sur ce site sont prot\u00e9g\u00e9s par le Code de la propri\u00e9t\u00e9 [...]","protected":false},"author":1,"featured_media":0,"parent":0,"menu_order":0,"comment_status":"closed","ping_status":"closed","template":"","meta":{"footnotes":""},"class_list":["post-138","page","type-page","status-publish","hentry"],"yoast_head":"<!-- This site is optimized with the Yoast SEO plugin v26.7 - https:\/\/yoast.com\/wordpress\/plugins\/seo\/ -->\n<title>Mentions legales - Dureuil Janthial<\/title>\n<meta name=\"robots\" content=\"index, follow, max-snippet:-1, max-image-preview:large, max-video-preview:-1\" \/>\n<link rel=\"canonical\" href=\"https:\/\/www.dureuil-janthial.fr\/en\/mentions-legales\/\" \/>\n<meta property=\"og:locale\" content=\"en_GB\" \/>\n<meta property=\"og:type\" content=\"article\" \/>\n<meta property=\"og:title\" content=\"Mentions legales - Dureuil Janthial\" \/>\n<meta property=\"og:url\" content=\"https:\/\/www.dureuil-janthial.fr\/en\/mentions-legales\/\" \/>\n<meta property=\"og:site_name\" content=\"Dureuil Janthial\" \/>\n<meta property=\"article:modified_time\" content=\"2022-04-06T14:00:39+00:00\" \/>\n<meta name=\"twitter:card\" content=\"summary_large_image\" \/>\n<meta name=\"twitter:label1\" content=\"Estimated reading time\" \/>\n\t<meta name=\"twitter:data1\" content=\"1 minute\" \/>\n<!-- \/ Yoast SEO plugin. -->","yoast_head_json":{"title":"Mentions legales - Dureuil Janthial","robots":{"index":"index","follow":"follow","max-snippet":"max-snippet:-1","max-image-preview":"max-image-preview:large","max-video-preview":"max-video-preview:-1"},"canonical":"https:\/\/www.dureuil-janthial.fr\/en\/mentions-legales\/","og_locale":"en_GB","og_type":"article","og_title":"Mentions legales - Dureuil Janthial","og_url":"https:\/\/www.dureuil-janthial.fr\/en\/mentions-legales\/","og_site_name":"Dureuil Janthial","article_modified_time":"2022-04-06T14:00:39+00:00","twitter_card":"summary_large_image","twitter_misc":{"Estimated reading time":"1 minute"},"schema":{"@context":"https:\/\/schema.org","@graph":[{"@type":"WebPage","@id":"https:\/\/www.dureuil-janthial.fr\/mentions-legales\/","url":"https:\/\/www.dureuil-janthial.fr\/mentions-legales\/","name":"Mentions legales - Dureuil Janthial","isPartOf":{"@id":"https:\/\/www.dureuil-janthial.fr\/#website"},"datePublished":"2018-12-14T14:01:45+00:00","dateModified":"2022-04-06T14:00:39+00:00","breadcrumb":{"@id":"https:\/\/www.dureuil-janthial.fr\/mentions-legales\/#breadcrumb"},"inLanguage":"en-GB","potentialAction":[{"@type":"ReadAction","target":["https:\/\/www.dureuil-janthial.fr\/mentions-legales\/"]}]},{"@type":"BreadcrumbList","@id":"https:\/\/www.dureuil-janthial.fr\/mentions-legales\/#breadcrumb","itemListElement":[{"@type":"ListItem","position":1,"name":"Home","item":"https:\/\/www.dureuil-janthial.fr\/"},{"@type":"ListItem","position":2,"name":"Mentions legales"}]},{"@type":"WebSite","@id":"https:\/\/www.dureuil-janthial.fr\/#website","url":"https:\/\/www.dureuil-janthial.fr\/","name":"Dureuil Janthial","description":"Grands vins de Bourgogne","inLanguage":"en-GB"}]}},"_links":{"self":[{"href":"https:\/\/www.dureuil-janthial.fr\/en\/wp-json\/wp\/v2\/pages\/138","targetHints":{"allow":["GET"]}}],"collection":[{"href":"https:\/\/www.dureuil-janthial.fr\/en\/wp-json\/wp\/v2\/pages"}],"about":[{"href":"https:\/\/www.dureuil-janthial.fr\/en\/wp-json\/wp\/v2\/types\/page"}],"author":[{"embeddable":true,"href":"https:\/\/www.dureuil-janthial.fr\/en\/wp-json\/wp\/v2\/users\/1"}],"replies":[{"embeddable":true,"href":"https:\/\/www.dureuil-janthial.fr\/en\/wp-json\/wp\/v2\/comments?post=138"}],"version-history":[{"count":5,"href":"https:\/\/www.dureuil-janthial.fr\/en\/wp-json\/wp\/v2\/pages\/138\/revisions"}],"predecessor-version":[{"id":431,"href":"https:\/\/www.dureuil-janthial.fr\/en\/wp-json\/wp\/v2\/pages\/138\/revisions\/431"}],"wp:attachment":[{"href":"https:\/\/www.dureuil-janthial.fr\/en\/wp-json\/wp\/v2\/media?parent=138"}],"curies":[{"name":"wp","href":"https:\/\/api.w.org\/{rel}","templated":true}]}}