{"id":15,"date":"2018-11-27T17:19:39","date_gmt":"2018-11-27T16:19:39","guid":{"rendered":"https:\/\/www.dureuil-janthial.fr\/?page_id=15"},"modified":"2021-12-20T16:56:27","modified_gmt":"2021-12-20T15:56:27","slug":"le-travail","status":"publish","type":"page","link":"https:\/\/www.dureuil-janthial.fr\/en\/le-travail\/","title":{"rendered":"Our Work"},"content":{"rendered":"<div class=\"wpb-content-wrapper\"><div class=\"vc_row wpb_row vc_row-fluid\"><div class=\"wpb_column vc_column_container vc_col-sm-12\"><div class=\"vc_column-inner\"><div class=\"wpb_wrapper\">\n\t<div class=\"wpb_text_column wpb_content_element\" >\n\t\t<div class=\"wpb_wrapper\">\n\t\t\t<h2>The work is infinite, but here are the main tasks that occupy us on the estate.  Work in the cellar goes on all year round, with periods of intense activity during and just after the harvest.<\/h2>\n\n\t\t<\/div>\n\t<\/div>\n<\/div><\/div><\/div><\/div><div class=\"vc_row wpb_row vc_row-fluid vc_row-o-full-height vc_row-o-columns-middle vc_row-flex\"><div class=\"wpb_column vc_column_container vc_col-sm-4\"><div class=\"vc_column-inner\"><div class=\"wpb_wrapper\"><div class=\"vc_empty_space\"   style=\"height: 32px\"><span class=\"vc_empty_space_inner\"><\/span><\/div>\n\t<div  class=\"wpb_single_image wpb_content_element vc_align_left wpb_content_element\">\n\t\t\n\t\t<figure class=\"wpb_wrapper vc_figure\">\n\t\t\t<div class=\"vc_single_image-wrapper   vc_box_border_grey\"><img loading=\"lazy\" decoding=\"async\" width=\"434\" height=\"650\" src=\"https:\/\/www.dureuil-janthial.fr\/wp-content\/uploads\/2018\/11\/domaine_dureuil_janthial_vincent_dureuil.jpg\" class=\"vc_single_image-img attachment-full\" alt=\"\" title=\"domaine_dureuil_janthial_vincent_dureuil\" \/><\/div>\n\t\t<\/figure>\n\t<\/div>\n\n\t<div  class=\"wpb_single_image wpb_content_element vc_align_left wpb_content_element\">\n\t\t\n\t\t<figure class=\"wpb_wrapper vc_figure\">\n\t\t\t<div class=\"vc_single_image-wrapper   vc_box_border_grey\"><img loading=\"lazy\" decoding=\"async\" width=\"1024\" height=\"1024\" src=\"https:\/\/www.dureuil-janthial.fr\/wp-content\/uploads\/2019\/11\/dureuil-janthial-vendange-2019-4.jpg\" class=\"vc_single_image-img attachment-full\" alt=\"\" title=\"dureuil-janthial-vendange-2019-4\" \/><\/div>\n\t\t<\/figure>\n\t<\/div>\n<\/div><\/div><\/div><div class=\"wpb_column vc_column_container vc_col-sm-8\"><div class=\"vc_column-inner\"><div class=\"wpb_wrapper\"><div class=\"vc_empty_space\"   style=\"height: 32px\"><span class=\"vc_empty_space_inner\"><\/span><\/div>\n\t<div class=\"wpb_text_column wpb_content_element\" >\n\t\t<div class=\"wpb_wrapper\">\n\t\t\t<h3>In the vineyards<\/h3>\n<p><strong>Pruning<\/strong><br \/>\nPruning is essential to quality. Without it, the vines would quickly become a jungle, difficult to control.<br \/>\nWe use the Guyot\/Guyot-Poussard method for our young vines, as my grandfather did, as this limits the development of wood diseases.<br \/>\nWe shred the vine cuttings and use these to heat our buildings.<\/p>\n<p><strong>Tying Up<\/strong><br \/>\nThe pruned branches are attached to the lowest wire of the trellis. This allows for more a regular flow of sap to the buds and helps to manage the upward growth of the vines.<\/p>\n<p><strong>De-earthing<\/strong><br \/>\nThis consists of drawing back the earth that has mounded up between each vine in the row.<\/p>\n<p><strong>Disbudding<\/strong><br \/>\nThis is done after budbreak, when certain new young shoots are removed.  This practice, along with trimming, is essential for controlling yields.<\/p>\n<p><strong>Trellising<\/strong><br \/>\nThis step consists of lifting shoots and arranging them on the wires to distribute the vegetation and keep the branches apart. It is an important operation which must be repeated several times during the vine\u2019s growth period.<\/p>\n<p><strong>Treatments<\/strong><br \/>\nWe were certified organic (Label AB) from 2009 to 2016.  However, the very difficult weather conditions (continuous rain plus mildew) in 2016 led us to use a synthetic treatment to save the harvest.  We therefore began the process of conversion once more, and the 2021 vintage will again be certified organic.<\/p>\n<p><strong>Tilling and trimming<\/strong><br \/>\nTilling the soil aerates it and destroys weeds at the same time. Trimming, done with the help of a tractor, cuts the extremities of the growing shoots to create better air circulation and avoid the risk of humidity and rot.<\/p>\n<p><strong>Harvesting<\/strong><br \/>\nThe grapes are picked by hand when they have attained perfect balance between sugars and acidity.<\/p>\n\n\t\t<\/div>\n\t<\/div>\n<\/div><\/div><\/div><\/div><div class=\"vc_row wpb_row vc_row-fluid\"><div class=\"wpb_column vc_column_container vc_col-sm-4\"><div class=\"vc_column-inner\"><div class=\"wpb_wrapper\">\n\t<div  class=\"wpb_single_image wpb_content_element vc_align_left wpb_content_element\">\n\t\t\n\t\t<figure class=\"wpb_wrapper vc_figure\">\n\t\t\t<div class=\"vc_single_image-wrapper   vc_box_border_grey\"><img loading=\"lazy\" decoding=\"async\" width=\"650\" height=\"437\" src=\"https:\/\/www.dureuil-janthial.fr\/wp-content\/uploads\/2018\/12\/domaine_dureuil_janthial_vincent_dureuil_3.jpg\" class=\"vc_single_image-img attachment-full\" alt=\"\" title=\"domaine_dureuil_janthial_vincent_dureuil_3\" \/><\/div>\n\t\t<\/figure>\n\t<\/div>\n\n\t<div  class=\"wpb_single_image wpb_content_element vc_align_left wpb_content_element\">\n\t\t\n\t\t<figure class=\"wpb_wrapper vc_figure\">\n\t\t\t<div class=\"vc_single_image-wrapper   vc_box_border_grey\"><img loading=\"lazy\" decoding=\"async\" width=\"748\" height=\"710\" src=\"https:\/\/www.dureuil-janthial.fr\/wp-content\/uploads\/2019\/11\/dureuil-janthial-vendange-2019-9.jpg\" class=\"vc_single_image-img attachment-full\" alt=\"\" title=\"dureuil-janthial-vendange-2019-9\" \/><\/div>\n\t\t<\/figure>\n\t<\/div>\n<div class=\"vc_empty_space\"   style=\"height: 32px\"><span class=\"vc_empty_space_inner\"><\/span><\/div><\/div><\/div><\/div><div class=\"wpb_column vc_column_container vc_col-sm-8\"><div class=\"vc_column-inner\"><div class=\"wpb_wrapper\">\n\t<div class=\"wpb_text_column wpb_content_element\" >\n\t\t<div class=\"wpb_wrapper\">\n\t\t\t<h3>In the Cellar<\/h3>\n<p><strong style=\"font-weight: bold;\">Vinification and ageing of white wines<\/strong><br \/>\nDirect pressing<br \/>\nStatic settling for 24 hours<br \/>\nBarrel ageing (25% new oak)<br \/>\nRacking according to the lunar calendar<br \/>\nCompleting ageing in stainless steel vats before bottling during winter<\/p>\n<p><strong style=\"font-weight: bold;\">Vinification and ageing of red wines<\/strong><br \/>\nDouble sorting of grapes on arrival in the cellar<br \/>\n100% de-stemming, or whole bunch fermentation, or de-stemming by hand<br \/>\nVatting by conveyer belt<br \/>\nCold maceration at 10 degrees for 8 days<br \/>\nFermentation for 10 days, then cold maceration for a similar time<br \/>\nRunning off (the date is determined by tasting)<br \/>\nTransferring to barrels<br \/>\n100% barrel aged (1\/3rd new)<br \/>\nRacking after the harvest (12 months)<br \/>\nCompleting ageing in stainless steel vats before bottling in February or March<\/p>\n\n\t\t<\/div>\n\t<\/div>\n\n\t<div class=\"wpb_text_column wpb_content_element\" >\n\t\t<div class=\"wpb_wrapper\">\n\t\t\t<p><b>L&rsquo;\u00e9grappage manuel pour les vins rouges<\/b><\/p>\n\n\t\t<\/div>\n\t<\/div>\n\n\t<div class=\"wpb_video_widget wpb_content_element vc_clearfix   vc_video-aspect-ratio-169 vc_video-el-width-100 vc_video-align-left\" >\n\t\t<div class=\"wpb_wrapper\">\n\t\t\t\n\t\t\t<div class=\"wpb_video_wrapper\"><iframe loading=\"lazy\" title=\"L&#039;\u00e9grappage manuel au domaine Dureuil-Janthial \u00e0 Rully en C\u00f4te Chalonnaise, Bourgogne, France\" width=\"500\" height=\"281\" src=\"https:\/\/www.youtube.com\/embed\/esoIoFQshf0?feature=oembed\" frameborder=\"0\" allow=\"accelerometer; autoplay; clipboard-write; encrypted-media; gyroscope; picture-in-picture; web-share\" referrerpolicy=\"strict-origin-when-cross-origin\" allowfullscreen><\/iframe><\/div>\n\t\t<\/div>\n\t<\/div>\n<\/div><\/div><\/div><\/div>\n<\/div>"},"excerpt":{"rendered":"On ne saurait pas tout vous raconter, mais voici les travaux qui rythment le travail des vignes. Concernant la cave, on y veille toute l\u2019ann\u00e9e, avec cette forte intensit\u00e9 des vendanges et de la p\u00e9riode qui suit\u2026 Dans les vignes Taille \u2022 C\u2019est une \u00e9tape qualitative essentielle. Sans elle, le vignoble deviendrait rapidement une jungle [...]","protected":false},"author":1,"featured_media":0,"parent":0,"menu_order":0,"comment_status":"closed","ping_status":"closed","template":"","meta":{"footnotes":""},"class_list":["post-15","page","type-page","status-publish","hentry"],"yoast_head":"<!-- This site is optimized with the Yoast SEO plugin v26.7 - https:\/\/yoast.com\/wordpress\/plugins\/seo\/ -->\n<title>Le travail - Dureuil Janthial<\/title>\n<meta name=\"robots\" content=\"index, follow, max-snippet:-1, max-image-preview:large, max-video-preview:-1\" \/>\n<link rel=\"canonical\" href=\"https:\/\/www.dureuil-janthial.fr\/en\/le-travail\/\" \/>\n<meta property=\"og:locale\" content=\"en_GB\" \/>\n<meta property=\"og:type\" content=\"article\" \/>\n<meta property=\"og:title\" content=\"Le travail - Dureuil Janthial\" \/>\n<meta property=\"og:url\" content=\"https:\/\/www.dureuil-janthial.fr\/en\/le-travail\/\" \/>\n<meta property=\"og:site_name\" content=\"Dureuil Janthial\" \/>\n<meta property=\"article:modified_time\" content=\"2021-12-20T15:56:27+00:00\" \/>\n<meta name=\"twitter:card\" content=\"summary_large_image\" \/>\n<meta name=\"twitter:label1\" content=\"Estimated reading time\" \/>\n\t<meta name=\"twitter:data1\" content=\"3 minutes\" \/>\n<!-- \/ Yoast SEO plugin. -->","yoast_head_json":{"title":"Le travail - Dureuil Janthial","robots":{"index":"index","follow":"follow","max-snippet":"max-snippet:-1","max-image-preview":"max-image-preview:large","max-video-preview":"max-video-preview:-1"},"canonical":"https:\/\/www.dureuil-janthial.fr\/en\/le-travail\/","og_locale":"en_GB","og_type":"article","og_title":"Le travail - Dureuil Janthial","og_url":"https:\/\/www.dureuil-janthial.fr\/en\/le-travail\/","og_site_name":"Dureuil Janthial","article_modified_time":"2021-12-20T15:56:27+00:00","twitter_card":"summary_large_image","twitter_misc":{"Estimated reading time":"3 minutes"},"schema":{"@context":"https:\/\/schema.org","@graph":[{"@type":"WebPage","@id":"https:\/\/www.dureuil-janthial.fr\/le-travail\/","url":"https:\/\/www.dureuil-janthial.fr\/le-travail\/","name":"Le travail - Dureuil Janthial","isPartOf":{"@id":"https:\/\/www.dureuil-janthial.fr\/#website"},"datePublished":"2018-11-27T16:19:39+00:00","dateModified":"2021-12-20T15:56:27+00:00","breadcrumb":{"@id":"https:\/\/www.dureuil-janthial.fr\/le-travail\/#breadcrumb"},"inLanguage":"en-GB","potentialAction":[{"@type":"ReadAction","target":["https:\/\/www.dureuil-janthial.fr\/le-travail\/"]}]},{"@type":"BreadcrumbList","@id":"https:\/\/www.dureuil-janthial.fr\/le-travail\/#breadcrumb","itemListElement":[{"@type":"ListItem","position":1,"name":"Home","item":"https:\/\/www.dureuil-janthial.fr\/"},{"@type":"ListItem","position":2,"name":"Le travail"}]},{"@type":"WebSite","@id":"https:\/\/www.dureuil-janthial.fr\/#website","url":"https:\/\/www.dureuil-janthial.fr\/","name":"Dureuil Janthial","description":"Grands vins de Bourgogne","inLanguage":"en-GB"}]}},"_links":{"self":[{"href":"https:\/\/www.dureuil-janthial.fr\/en\/wp-json\/wp\/v2\/pages\/15","targetHints":{"allow":["GET"]}}],"collection":[{"href":"https:\/\/www.dureuil-janthial.fr\/en\/wp-json\/wp\/v2\/pages"}],"about":[{"href":"https:\/\/www.dureuil-janthial.fr\/en\/wp-json\/wp\/v2\/types\/page"}],"author":[{"embeddable":true,"href":"https:\/\/www.dureuil-janthial.fr\/en\/wp-json\/wp\/v2\/users\/1"}],"replies":[{"embeddable":true,"href":"https:\/\/www.dureuil-janthial.fr\/en\/wp-json\/wp\/v2\/comments?post=15"}],"version-history":[{"count":30,"href":"https:\/\/www.dureuil-janthial.fr\/en\/wp-json\/wp\/v2\/pages\/15\/revisions"}],"predecessor-version":[{"id":421,"href":"https:\/\/www.dureuil-janthial.fr\/en\/wp-json\/wp\/v2\/pages\/15\/revisions\/421"}],"wp:attachment":[{"href":"https:\/\/www.dureuil-janthial.fr\/en\/wp-json\/wp\/v2\/media?parent=15"}],"curies":[{"name":"wp","href":"https:\/\/api.w.org\/{rel}","templated":true}]}}