{"id":17,"date":"2018-11-27T17:19:54","date_gmt":"2018-11-27T16:19:54","guid":{"rendered":"https:\/\/www.dureuil-janthial.fr\/?page_id=17"},"modified":"2022-11-03T17:34:42","modified_gmt":"2022-11-03T16:34:42","slug":"les-vins","status":"publish","type":"page","link":"https:\/\/www.dureuil-janthial.fr\/en\/les-vins\/","title":{"rendered":"The wines"},"content":{"rendered":"<div class=\"wpb-content-wrapper\"><div class=\"vc_row wpb_row vc_row-fluid\"><div class=\"wpb_column vc_column_container vc_col-sm-12\"><div class=\"vc_column-inner\"><div class=\"wpb_wrapper\">\n\t<div class=\"wpb_text_column wpb_content_element\" >\n\t\t<div class=\"wpb_wrapper\">\n\t\t\t<h2>Chardonnay, Pinot Noir, Aligote\u2026 these grapes conjugated with the variety of our terroirs means over 20 different wines to discover.<\/h2>\n\n\t\t<\/div>\n\t<\/div>\n<\/div><\/div><\/div><\/div><div class=\"vc_row wpb_row vc_row-fluid\"><div class=\"wpb_column vc_column_container vc_col-sm-12\"><div class=\"vc_column-inner\"><div class=\"wpb_wrapper\">\n\t<div  class=\"wpb_single_image wpb_content_element vc_align_left wpb_content_element\">\n\t\t\n\t\t<figure class=\"wpb_wrapper vc_figure\">\n\t\t\t<div class=\"vc_single_image-wrapper   vc_box_border_grey\"><img loading=\"lazy\" decoding=\"async\" width=\"1159\" height=\"630\" src=\"https:\/\/www.dureuil-janthial.fr\/wp-content\/uploads\/2020\/06\/bouteilles-dureuil.jpg\" class=\"vc_single_image-img attachment-full\" alt=\"\" title=\"bouteilles-dureuil\" \/><\/div>\n\t\t<\/figure>\n\t<\/div>\n<\/div><\/div><\/div><\/div><div class=\"vc_row wpb_row vc_row-fluid\"><div class=\"wpb_column vc_column_container vc_col-sm-12\"><div class=\"vc_column-inner\"><div class=\"wpb_wrapper\"><div class=\"vc_empty_space\"   style=\"height: 20px\"><span class=\"vc_empty_space_inner\"><\/span><\/div>\n\t<div class=\"wpb_text_column wpb_content_element\" >\n\t\t<div class=\"wpb_wrapper\">\n\t\t\t<p style=\"text-align: center;\"><strong><em style=\"font-size: 1.2rem;\"> Click on the wine\u2019s name to see its technical sheet.<\/em><\/strong><\/p>\n\n\t\t<\/div>\n\t<\/div>\n<div class=\"vc_empty_space\"   style=\"height: 32px\"><span class=\"vc_empty_space_inner\"><\/span><\/div><\/div><\/div><\/div><\/div><div class=\"vc_row wpb_row vc_row-fluid vc_row-o-equal-height vc_row-flex\"><div class=\"wpb_column vc_column_container vc_col-sm-6\"><div class=\"vc_column-inner\"><div class=\"wpb_wrapper\">\n\t<div class=\"wpb_text_column wpb_content_element\" >\n\t\t<div class=\"wpb_wrapper\">\n\t\t\t<div class=\"wpb_column vc_column_container vc_col-sm-12\">\n<div class=\"vc_column-inner\">\n<div class=\"wpb_wrapper\">\n<div class=\"wpb_text_column wpb_content_element\">\n<div class=\"wpb_wrapper\">\n<h3 class=\"p1\">WHITES<\/h3>\n<p class=\"p1\"><a href=\"https:\/\/www.dureuil-janthial.fr\/wp-content\/uploads\/2021\/12\/fiche_techniques_dureuil_janthial_uk_aligote-blanc.pdf\" target=\"_blank\" rel=\"noopener\">Bourgogne Aligot\u00e9<\/a><br \/>\n<a href=\"https:\/\/www.dureuil-janthial.fr\/wp-content\/uploads\/2021\/12\/fiche_techniques_dureuil_janthial_uk_bourgogne_blanc.pdf\" target=\"_blank\" rel=\"noopener\">Bourgogne Blanc<\/a><br \/>\n<a href=\"https:\/\/www.dureuil-janthial.fr\/wp-content\/uploads\/2021\/12\/fiche_techniques_dureuil_janthial_uk_rully_blanc.pdf\" target=\"_blank\" rel=\"noopener\">Rully Blanc<\/a><br \/>\n<a href=\"https:\/\/www.dureuil-janthial.fr\/wp-content\/uploads\/2021\/12\/fiche_techniques_dureuil_janthial_uk_maiziere_rully_blanc.pdf\" target=\"_blank\" rel=\"noopener\">Rully Blanc \u00ab\u00a0Maizi\u00e8res\u00a0\u00bb<\/a><br \/>\n<a href=\"https:\/\/www.dureuil-janthial.fr\/wp-content\/uploads\/2021\/12\/fiche_techniques_dureuil_janthial_uk_chene_rully_blanc.pdf\" target=\"_blank\" rel=\"noopener\">Rully Blanc \u00ab\u00a0Ch\u00eane\u00a0\u00bb<\/a><br \/>\n<a href=\"https:\/\/www.dureuil-janthial.fr\/wp-content\/uploads\/2021\/12\/fiche_techniques_dureuil_janthial_uk_meix_cadot_rully_1_er_cru_blanc.pdf\" target=\"_blank\" rel=\"noopener\">Rully Blanc 1er cru \u00ab Le Meix Cadot\u00a0\u00bb<\/a><br \/>\n<a href=\"https:\/\/www.dureuil-janthial.fr\/wp-content\/uploads\/2021\/12\/fiche_techniques_dureuil_janthial_uk_meix_cadot_vieilles_vignes_rully_1_er_cru_blanc.pdf\" target=\"_blank\" rel=\"noopener\">Rully Blanc 1er cru \u00ab Le Meix Cadot Vieilles Vignes\u00a0\u00bb<\/a><br \/>\n<a href=\"https:\/\/www.dureuil-janthial.fr\/wp-content\/uploads\/2021\/12\/fiche_techniques_dureuil_janthial_uk_margotes_rully_1_er_cru_blanc.pdf\" target=\"_blank\" rel=\"noopener\">Rully Blanc 1er cru \u00ab Margot\u00e9s\u00a0\u00bb<\/a><br \/>\n<a href=\"https:\/\/www.dureuil-janthial.fr\/wp-content\/uploads\/2021\/12\/fiche_techniques_dureuil_janthial_uk_vauvry_rully_1_cru_blanc.pdf\" target=\"_blank\" rel=\"noopener\">Rully Blanc 1er cru \u00ab\u00a0Vauvry\u00a0\u00bb<\/a><br \/>\n<a href=\"https:\/\/www.dureuil-janthial.fr\/wp-content\/uploads\/2021\/12\/fiche_techniques_dureuil_janthial_uk_chapitre_rully_1_er_cru_blanc.pdf\" target=\"_blank\" rel=\"noopener\">Rully Blanc 1er cru \u00ab\u00a0Chapitre\u00a0\u00bb<\/a><br \/>\n<a href=\"https:\/\/www.dureuil-janthial.fr\/wp-content\/uploads\/2021\/12\/fiche_techniques_dureuil_janthial_uk_gresigny_vieilles_vignes_rully_1_er_cru_blanc.pdf\" target=\"_blank\" rel=\"noopener\">Rully Blanc 1er cru \u00ab\u00a0Gr\u00e9signy Vieilles Vignes \u00bb<\/a><br \/>\n<a href=\"https:\/\/www.dureuil-janthial.fr\/wp-content\/uploads\/2021\/12\/fiche_techniques_dureuil_janthial_uk_corvees_des_vignes_puligny_montrachet_blanc.pdf\" target=\"_blank\" rel=\"noopener\">Puligny-Montrachet Blanc \u00ab\u00a0Corv\u00e9e des Vignes\u00a0\u00bb<\/a><br \/>\n<a href=\"https:\/\/www.dureuil-janthial.fr\/wp-content\/uploads\/2021\/12\/fiche_techniques_dureuil_janthial_uk_les_champs_gains_1_er_cru_blanc.pdf\" target=\"_blank\" rel=\"noopener\">Puligny-Montrachet Blanc 1er cru \u00ab Les Champs Gains\u00a0\u00bb<\/a><\/p>\n<\/div>\n<\/div>\n<\/div>\n<\/div>\n<\/div>\n\n\t\t<\/div>\n\t<\/div>\n<\/div><\/div><\/div><div class=\"wpb_column vc_column_container vc_col-sm-6\"><div class=\"vc_column-inner\"><div class=\"wpb_wrapper\">\n\t<div class=\"wpb_text_column wpb_content_element\" >\n\t\t<div class=\"wpb_wrapper\">\n\t\t\t<div class=\"wpb_column vc_column_container vc_col-sm-12\">\n<div class=\"vc_column-inner\">\n<div class=\"wpb_wrapper\">\n<div class=\"wpb_text_column wpb_content_element\">\n<div class=\"wpb_wrapper\">\n<h3 class=\"p1\">REDS<\/h3>\n<p class=\"p3\"><a href=\"https:\/\/www.dureuil-janthial.fr\/wp-content\/uploads\/2022\/11\/fiche_technique_dureuil_janthial_coteaux_bourguignons.pdf\" target=\"_blank\" rel=\"noopener\">Bourgogne Coteaux bourguignons<\/a><br \/>\n<a href=\"https:\/\/www.dureuil-janthial.fr\/wp-content\/uploads\/2021\/12\/fiche_techniques_dureuil_janthial_uk_bourgogne_rouge.pdf\" target=\"_blank\" rel=\"noopener\">Bourgogne Rouge<\/a><br \/>\n<a href=\"https:\/\/www.dureuil-janthial.fr\/wp-content\/uploads\/2021\/12\/fiche_techniques_dureuil_janthial_uk_rully_rouge.pdf\" target=\"_blank\" rel=\"noopener\">Rully Rouge<\/a><br \/>\n<a href=\"https:\/\/www.dureuil-janthial.fr\/wp-content\/uploads\/2021\/12\/fiche_techniques_dureuil_janthial_uk_en_guesnes_rully_rouge.pdf\" target=\"_blank\" rel=\"noopener\">Rully Rouge \u00ab\u00a0En Guesnes\u00a0\u00bb<\/a><br \/>\n<a href=\"https:\/\/www.dureuil-janthial.fr\/wp-content\/uploads\/2021\/12\/fiche_techniques_dureuil_janthial_uk_maizieres_rully_rouge.pdf\" target=\"_blank\" rel=\"noopener\">Rully Rouge \u00ab\u00a0Maizi\u00e8res\u00a0\u00bb<\/a><br \/>\n<a href=\"https:\/\/www.dureuil-janthial.fr\/wp-content\/uploads\/2021\/12\/fiche_techniques_dureuil_janthial_uk_chapitre_rully_1_er_cru_rouge.pdf\" target=\"_blank\" rel=\"noopener\">Rully Rouge 1er cru \u00ab\u00a0Chapitre\u00a0\u00bb<\/a><br \/>\n<a href=\"https:\/\/www.dureuil-janthial.fr\/wp-content\/uploads\/2021\/12\/fiche_techniques_dureuil_janthial_uk_la_fosse_rully_1_er-cru.pdf\" target=\"_blank\" rel=\"noopener\">Rully Rouge 1er cru \u00ab La Fosse\u00a0\u00bb<\/a><br \/>\n<a href=\"https:\/\/www.dureuil-janthial.fr\/wp-content\/uploads\/2022\/10\/fiche_technique_dureuil_janthial_cloux_fr.pdf\" target=\"_blank\" rel=\"noopener\">Rully Rouge 1er cru \u00ab Cloux \u00bb<\/a><br \/>\n<a href=\"https:\/\/www.dureuil-janthial.fr\/wp-content\/uploads\/2021\/12\/fiche_techniques_dureuil_janthial_uk_mercurey_rouge.pdf\" target=\"_blank\" rel=\"noopener\">Mercurey Rouge<\/a><br \/>\n<a href=\"https:\/\/www.dureuil-janthial.fr\/wp-content\/uploads\/2021\/12\/fiche_techniques_dureuil_janthial_uk_nuits_saint_georges_rouge.pdf\" target=\"_blank\" rel=\"noopener\">Nuits-Saint-Georges Rouge<\/a><br \/>\n<a href=\"https:\/\/www.dureuil-janthial.fr\/wp-content\/uploads\/2021\/12\/fiche_techniques_dureuil_janthial_uk_clos_des_argillieres_1_er_cru_rouge.pdf\" target=\"_blank\" rel=\"noopener\">Nuits-Saint-Georges Rouge 1er cru \u00ab\u00a0Clos des Argilli\u00e8res\u00a0\u00bb<\/a><\/p>\n<\/div>\n<\/div>\n<\/div>\n<\/div>\n<\/div>\n\n\t\t<\/div>\n\t<\/div>\n<\/div><\/div><\/div><\/div><div class=\"vc_row wpb_row vc_row-fluid\"><div class=\"wpb_column vc_column_container vc_col-sm-12\"><div class=\"vc_column-inner\"><div class=\"wpb_wrapper\"><\/div><\/div><\/div><\/div>\n<\/div>"},"excerpt":{"rendered":"Chardonnay, Pinot noir, Aligot\u00e9\u2026 conjugu\u00e9s \u00e0 la vari\u00e9t\u00e9 des terroirs que nous cultivons, au total plus de 20 cuv\u00e9es \u00e0 d\u00e9couvrir. Cliquer sur le nom du vin pour ouvrir la fiche technique Les vins blancs Bourgogne Aligot\u00e9 Bourgogne Blanc Rully Blanc Rully Blanc \u00ab\u00a0Maizi\u00e8res\u00a0\u00bb Rully Blanc \u00ab\u00a0Ch\u00eane\u00a0\u00bb Rully Blanc 1er cru \u00ab Le Meix Cadot\u00a0\u00bb [...]","protected":false},"author":1,"featured_media":0,"parent":0,"menu_order":0,"comment_status":"closed","ping_status":"closed","template":"","meta":{"footnotes":""},"class_list":["post-17","page","type-page","status-publish","hentry"],"yoast_head":"<!-- This site is optimized with the Yoast SEO plugin v26.7 - https:\/\/yoast.com\/wordpress\/plugins\/seo\/ -->\n<title>Les vins - Dureuil Janthial<\/title>\n<meta name=\"robots\" content=\"index, follow, max-snippet:-1, max-image-preview:large, max-video-preview:-1\" \/>\n<link rel=\"canonical\" href=\"https:\/\/www.dureuil-janthial.fr\/en\/les-vins\/\" \/>\n<meta property=\"og:locale\" content=\"en_GB\" \/>\n<meta property=\"og:type\" content=\"article\" \/>\n<meta property=\"og:title\" content=\"Les vins - Dureuil Janthial\" \/>\n<meta property=\"og:url\" content=\"https:\/\/www.dureuil-janthial.fr\/en\/les-vins\/\" \/>\n<meta property=\"og:site_name\" content=\"Dureuil Janthial\" \/>\n<meta property=\"article:modified_time\" content=\"2022-11-03T16:34:42+00:00\" \/>\n<meta name=\"twitter:card\" content=\"summary_large_image\" \/>\n<meta name=\"twitter:label1\" content=\"Estimated reading time\" \/>\n\t<meta name=\"twitter:data1\" content=\"1 minute\" \/>\n<!-- \/ Yoast SEO plugin. -->","yoast_head_json":{"title":"Les vins - Dureuil Janthial","robots":{"index":"index","follow":"follow","max-snippet":"max-snippet:-1","max-image-preview":"max-image-preview:large","max-video-preview":"max-video-preview:-1"},"canonical":"https:\/\/www.dureuil-janthial.fr\/en\/les-vins\/","og_locale":"en_GB","og_type":"article","og_title":"Les vins - Dureuil Janthial","og_url":"https:\/\/www.dureuil-janthial.fr\/en\/les-vins\/","og_site_name":"Dureuil Janthial","article_modified_time":"2022-11-03T16:34:42+00:00","twitter_card":"summary_large_image","twitter_misc":{"Estimated reading time":"1 minute"},"schema":{"@context":"https:\/\/schema.org","@graph":[{"@type":"WebPage","@id":"https:\/\/www.dureuil-janthial.fr\/les-vins\/","url":"https:\/\/www.dureuil-janthial.fr\/les-vins\/","name":"Les vins - Dureuil Janthial","isPartOf":{"@id":"https:\/\/www.dureuil-janthial.fr\/#website"},"datePublished":"2018-11-27T16:19:54+00:00","dateModified":"2022-11-03T16:34:42+00:00","breadcrumb":{"@id":"https:\/\/www.dureuil-janthial.fr\/les-vins\/#breadcrumb"},"inLanguage":"en-GB","potentialAction":[{"@type":"ReadAction","target":["https:\/\/www.dureuil-janthial.fr\/les-vins\/"]}]},{"@type":"BreadcrumbList","@id":"https:\/\/www.dureuil-janthial.fr\/les-vins\/#breadcrumb","itemListElement":[{"@type":"ListItem","position":1,"name":"Home","item":"https:\/\/www.dureuil-janthial.fr\/"},{"@type":"ListItem","position":2,"name":"Les vins"}]},{"@type":"WebSite","@id":"https:\/\/www.dureuil-janthial.fr\/#website","url":"https:\/\/www.dureuil-janthial.fr\/","name":"Dureuil Janthial","description":"Grands vins de Bourgogne","inLanguage":"en-GB"}]}},"_links":{"self":[{"href":"https:\/\/www.dureuil-janthial.fr\/en\/wp-json\/wp\/v2\/pages\/17","targetHints":{"allow":["GET"]}}],"collection":[{"href":"https:\/\/www.dureuil-janthial.fr\/en\/wp-json\/wp\/v2\/pages"}],"about":[{"href":"https:\/\/www.dureuil-janthial.fr\/en\/wp-json\/wp\/v2\/types\/page"}],"author":[{"embeddable":true,"href":"https:\/\/www.dureuil-janthial.fr\/en\/wp-json\/wp\/v2\/users\/1"}],"replies":[{"embeddable":true,"href":"https:\/\/www.dureuil-janthial.fr\/en\/wp-json\/wp\/v2\/comments?post=17"}],"version-history":[{"count":36,"href":"https:\/\/www.dureuil-janthial.fr\/en\/wp-json\/wp\/v2\/pages\/17\/revisions"}],"predecessor-version":[{"id":439,"href":"https:\/\/www.dureuil-janthial.fr\/en\/wp-json\/wp\/v2\/pages\/17\/revisions\/439"}],"wp:attachment":[{"href":"https:\/\/www.dureuil-janthial.fr\/en\/wp-json\/wp\/v2\/media?parent=17"}],"curies":[{"name":"wp","href":"https:\/\/api.w.org\/{rel}","templated":true}]}}